{"id":38138,"date":"2026-01-07T13:45:12","date_gmt":"2026-01-07T16:45:12","guid":{"rendered":"https:\/\/www.jnb.org.ar\/jornada\/?page_id=38138"},"modified":"2026-02-13T13:23:10","modified_gmt":"2026-02-13T16:23:10","slug":"reglamento","status":"publish","type":"page","link":"https:\/\/www.jnb.org.ar\/jornada\/44jnb\/reglamento","title":{"rendered":"Reglamento"},"content":{"rendered":"\t\t<div data-elementor-type=\"wp-page\" data-elementor-id=\"38138\" class=\"elementor elementor-38138\" data-elementor-post-type=\"page\">\n\t\t\t\t\t\t<section class=\"elementor-section elementor-top-section elementor-element elementor-element-b24b7bb elementor-section-full_width elementor-section-height-default elementor-section-height-default\" data-id=\"b24b7bb\" data-element_type=\"section\" data-e-type=\"section\" data-settings=\"{&quot;background_background&quot;:&quot;classic&quot;,&quot;sticky&quot;:&quot;top&quot;,&quot;sticky_on&quot;:[&quot;desktop&quot;,&quot;tablet&quot;],&quot;sticky_offset&quot;:0,&quot;sticky_effects_offset&quot;:0,&quot;sticky_anchor_link_offset&quot;:0}\">\n\t\t\t\t\t\t<div class=\"elementor-container elementor-column-gap-default\">\n\t\t\t\t\t<div class=\"elementor-column elementor-col-100 elementor-top-column elementor-element elementor-element-9a2657c\" data-id=\"9a2657c\" data-element_type=\"column\" data-e-type=\"column\">\n\t\t\t<div class=\"elementor-widget-wrap elementor-element-populated\">\n\t\t\t\t\t\t<div class=\"elementor-element elementor-element-6e41f71 elementor-widget elementor-widget-progress-tracker\" data-id=\"6e41f71\" data-element_type=\"widget\" data-e-type=\"widget\" data-settings=\"{&quot;direction&quot;:&quot;ltr&quot;,&quot;type&quot;:&quot;horizontal&quot;,&quot;relative_to&quot;:&quot;entire_page&quot;}\" data-widget_type=\"progress-tracker.default\">\n\t\t\t\t<div class=\"elementor-widget-container\">\n\t\t\t\t\t\n\t\t<div class=\"elementor-scrolling-tracker elementor-scrolling-tracker-horizontal elementor-scrolling-tracker-alignment-\">\n\t\t\t\t\t\t<div class=\"current-progress\">\n\t\t\t\t\t<div class=\"current-progress-percentage\"><\/div>\n\t\t\t\t<\/div>\n\t\t\t\t<\/div>\n\t\t\t\t\t\t<\/div>\n\t\t\t\t<\/div>\n\t\t\t\t\t<\/div>\n\t\t<\/div>\n\t\t\t\t\t<\/div>\n\t\t<\/section>\n\t\t\t\t<section class=\"elementor-section elementor-top-section elementor-element elementor-element-56a37c9 elementor-section-full_width elementor-section-height-default elementor-section-height-default\" data-id=\"56a37c9\" data-element_type=\"section\" data-e-type=\"section\" data-settings=\"{&quot;background_background&quot;:&quot;classic&quot;}\">\n\t\t\t\t\t\t\t<div class=\"elementor-background-overlay\"><\/div>\n\t\t\t\t\t\t\t<div class=\"elementor-container elementor-column-gap-default\">\n\t\t\t\t\t<div class=\"elementor-column elementor-col-100 elementor-top-column elementor-element elementor-element-53c949e\" data-id=\"53c949e\" data-element_type=\"column\" data-e-type=\"column\">\n\t\t\t<div class=\"elementor-widget-wrap elementor-element-populated\">\n\t\t\t\t\t\t<div class=\"elementor-element elementor-element-2413ee4 elementor-widget elementor-widget-heading\" data-id=\"2413ee4\" data-element_type=\"widget\" data-e-type=\"widget\" data-widget_type=\"heading.default\">\n\t\t\t\t<div class=\"elementor-widget-container\">\n\t\t\t\t\t<h1 class=\"elementor-heading-title elementor-size-default\">Reglamento<\/h1>\t\t\t\t<\/div>\n\t\t\t\t<\/div>\n\t\t\t\t\t<\/div>\n\t\t<\/div>\n\t\t\t\t\t<\/div>\n\t\t<\/section>\n\t\t\t\t<section class=\"elementor-section elementor-top-section elementor-element elementor-element-396e02e elementor-section-boxed elementor-section-height-default elementor-section-height-default elementor-invisible\" data-id=\"396e02e\" data-element_type=\"section\" data-e-type=\"section\" data-settings=\"{&quot;animation&quot;:&quot;fadeIn&quot;}\">\n\t\t\t\t\t\t\t<div class=\"elementor-background-overlay\"><\/div>\n\t\t\t\t\t\t\t<div class=\"elementor-container elementor-column-gap-default\">\n\t\t\t\t\t<div class=\"elementor-column elementor-col-33 elementor-top-column elementor-element elementor-element-49174b2 elementor-hidden-mobile\" data-id=\"49174b2\" data-element_type=\"column\" data-e-type=\"column\">\n\t\t\t<div class=\"elementor-widget-wrap\">\n\t\t\t\t\t\t\t<\/div>\n\t\t<\/div>\n\t\t\t\t<div class=\"elementor-column elementor-col-33 elementor-top-column elementor-element elementor-element-0f69d2f\" data-id=\"0f69d2f\" data-element_type=\"column\" data-e-type=\"column\">\n\t\t\t<div class=\"elementor-widget-wrap elementor-element-populated\">\n\t\t\t\t\t\t<div class=\"elementor-element elementor-element-ffa716a elementor-widget elementor-widget-text-editor\" data-id=\"ffa716a\" data-element_type=\"widget\" data-e-type=\"widget\" data-widget_type=\"text-editor.default\">\n\t\t\t\t<div class=\"elementor-widget-container\">\n\t\t\t\t\t\t\t\t\t<h3>ART\u00cdCULO PRIMERO<\/h3>\n<h4>Objeto<\/h4>\n<p>Las jornadas notariales bonaerenses ser\u00e1n organizadas una vez cada dos a\u00f1os como m\u00ednimo por el Colegio de Escribanos de la Provincia de Buenos Aires, con el objeto de reforzar la capacitaci\u00f3n permanente del notariado y afianzar los v\u00ednculos personales ente los notarios. Ser\u00e1n enumeradas correlativamente a partir de la primera celebrada en Tandil en 1957.<\/p>\n<h3>ART\u00cdCULO SEGUNDO<\/h3>\n<h3>Sede<\/h3>\n<p>La sede de realizaci\u00f3n de cada jornada ser\u00e1 anunciada en el plenario de clausura de la precedente, y deber\u00e1 ser ratificada por parte del Consejo Directivo, el que tambi\u00e9n deber\u00e1 resolver fecha y temario a tratar en la misma con una antelaci\u00f3n no menor de seis meses.<br \/>La delegaci\u00f3n propuesta para ser sede de una jornada deber\u00e1 contar con la infraestructura necesaria para su buen desarrollo.<\/p>\n<h3>ART\u00cdCULO TERCERO<\/h3>\n<h4>Participantes<\/h4>\n<p>Asistir\u00e1n en calidad de participantes:<br \/>a) Los notarios colegiados y los notarios jubilados que se inscriban en la forma que se establezca, hayan o no presentado trabajos o ponencias.<br \/>b) Los delegados, representantes de cada una de las delegaciones del Colegio de Escribanos, elegidos por sus juntas ejecutivas con su respectivo suplente con anterioridad a la realizaci\u00f3n de la primera reuni\u00f3n preparatoria, quienes deben participar de estas para garantizar el conocimiento de los temas sometidos a votaci\u00f3n.<br \/>c) Representantes de otros colegios notariales nacionales o extranjeros, magistrados, funcionarios, letrados, docentes y miembros de otros colegios profesionales vinculados con la rama jur\u00eddica, e invitados especiales de las autoridades del Colegio de Escribanos.<br \/>d) Podr\u00e1n participar los estudiantes y profesionales de otras profesiones afines con los temas a tratar.<\/p>\n<h3>ART\u00cdCULO CUARTO<\/h3>\n<h4>Organizaci\u00f3n<\/h4>\n<p>La organizaci\u00f3n estar\u00e1 a cargo del Consejo Directivo, con el asesoramiento del \u00e1rea acad\u00e9mica y las sugerencias que formule la Comisi\u00f3n de Congresos, Jornadas y Encuentros. Intervendr\u00e1n tambi\u00e9n el Departamento Comunicaciones, la Tesorer\u00eda y la Secretar\u00eda que tenga a su cargo la organizaci\u00f3n material del evento. <br \/>Corresponde al miembro integrante del Comit\u00e9 Ejecutivo que tenga a su cargo el \u00e1rea acad\u00e9mica.<br \/>a) Colaborar con el Consejo Directivo en todos los aspectos para los que sea convocado.<br \/>b) Proponer al Consejo Directivo los nombres de los coordinadores y subcoordinadores generales para cada tema, previa aprobaci\u00f3n del Comit\u00e9 Ejecutivo.<br \/>c) Colaborar con el trabajo de los coordinadores y subcoordinadores generales y por delegaci\u00f3n, mediante reuniones (presenciales o virtuales) y otras formas adecuadas.<br \/>d) Sugerir al Consejo Directivo los nombres de tres integrantes del comit\u00e9 calificador por resoluci\u00f3n fundada, previa aprobaci\u00f3n del Comit\u00e9 Ejecutivo.<br \/>e) Establecer el formato en que deben ser presentados los trabajos, de acuerdo con cada tema.<br \/>f) Presentar un informe al Consejo Directivo sobre el desarrollo de la jornada y sus resultados.<br \/>g) Presentar a consideraci\u00f3n del Consejo Directivo modificaciones al presente reglamento.<br \/>Corresponde al Departamento Comunicaciones:<br \/>h) Publicar todo lo relativo al funcionamiento de la jornada y su promoci\u00f3n.<br \/>i) Acompa\u00f1ar todas las gestiones entre el Colegio de Escribanos y la Delegaci\u00f3n sede, que se relacionen con la organizaci\u00f3n de la jornada.<br \/>j) Recepcionar los trabajos presentados, en la direcci\u00f3n de correo electr\u00f3nico previamente establecida. Clasificarlos por temas y categor\u00edas y remitirlos a los coordinadores de cada comisi\u00f3n y a los miembros del comit\u00e9 calificador.<br \/>k) Sugerir la forma de presentaci\u00f3n de los despachos de las distintas comisiones, los que deber\u00e1n guardar uniformidad.<br \/>l) Proporcionar al comit\u00e9 calificador un informe sobre la asistencia y participaci\u00f3n en la jornada de los autores de trabajos, a los efectos del otorgamiento de los premios.<br \/>Corresponde a la Tesorer\u00eda:<br \/>m) Evaluar los gastos que demande la organizaci\u00f3n de la jornada y aprobar los mismos.<br \/>Corresponde a la Secretar\u00eda que tenga a su cargo la organizaci\u00f3n material del evento:<br \/>n) Evaluar las caracter\u00edsticas edilicias y funcionales de la sede de la jornada, recomendar hospedajes y organizar los eventos sociales.<\/p>\n<h3>ART\u00cdCULO QUINTO<\/h3>\n<h4>Desarrollo de la jornada<\/h4>\n<p>En el plenario de apertura se constituir\u00e1 una mesa directiva, integrada por el presidente del Colegio de Escribanos de la Provincia de Buenos Aires, y un vicepresidente, que ser\u00e1 el presidente de la delegaci\u00f3n organizadora o sus respectivos reemplazantes. Habr\u00e1 dos secretarios: uno elegido por el presidente y el otro por el vicepresidente.<br \/>Los delegados deber\u00e1n justificar sus poderes ante la secretar\u00eda de la jornada y dar cumplimiento al art. 3\u00ba, apartado b. Caso contrario, la delegaci\u00f3n como tal carecer\u00e1 de voto en la comisi\u00f3n respectiva. El poder deber\u00e1 ser suscripto por el presidente y el secretario de la correspondiente delegaci\u00f3n del Colegio de Escribanos.<br \/>El plenario de clausura ser\u00e1 presidido por el presidente del Colegio de Escribanos. En el mismo, s\u00f3lo el o los relatores de cada comisi\u00f3n tendr\u00e1n el derecho de realizar una exposici\u00f3n objetiva de lo tratado y de presentar el o los despachos que hubieran sido votados, previamente, en cada comisi\u00f3n.<br \/>No se podr\u00e1 reabrir el debate.<br \/>En el plenario de clausura se entregar\u00e1n los premios, acc\u00e9sits y, en su caso, menciones especiales instituidas por el comit\u00e9 calificador de trabajos.<\/p>\n<h3>ART\u00cdCULO SEXTO<\/h3>\n<h4>Coordinadores de cada tema<\/h4>\n<p>El Consejo Directivo designar\u00e1 un coordinador y un subcoordinador para cada uno de los temas seleccionados, quienes organizar\u00e1n su estudio e indicar\u00e1n la bibliograf\u00eda recomendada, elaborando pautas al respecto, las cuales se publicar\u00e1n para conocimiento de los participantes.<br \/>Cada delegaci\u00f3n del Colegio de Escribanos designar\u00e1 un coordinador por tema, que podr\u00e1 ser, adem\u00e1s, delegado en las votaciones (con las previsiones del art. 3\u00ba, apartado b). Este deber\u00e1 fomentar el estudio del temario y actuar de nexo entre los notarios de su demarcaci\u00f3n y los coordinadores generales. Los coordinadores generales de cada uno de los temas se reunir\u00e1n con los coordinadores por delegaci\u00f3n en dos sesiones preparatorias, que podr\u00e1n ser presenciales o virtuales, ambas en fecha y lugar a determinar por el Comit\u00e9 Ejecutivo.<\/p>\n<h3>ART\u00cdCULO S\u00c9PTIMO<\/h3>\n<h4>Presentaci\u00f3n de trabajos<\/h4>\n<p>Cada trabajo presentado a la jornada deber\u00e1 referirse exclusivamente al tema o subtemas elegidos, y estar basado en las sugerencias contenidas en las pautas elaboradas por los coordinadores de cada tema. Cada trabajo podr\u00e1 tener una longitud m\u00e1xima de 25 (veinticinco) p\u00e1ginas, y concretarse en no m\u00e1s de cinco ponencias. Su presentaci\u00f3n se formalizar\u00e1 un mes antes del comienzo de la jornada.<\/p>\n<h3>ART\u00cdCULO OCTAVO<\/h3>\n<h4>Comisiones<\/h4>\n<p>Todos los participantes tendr\u00e1n voz en el curso de las deliberaciones de la comisi\u00f3n, pero s\u00f3lo podr\u00e1n votar los delegados designados por las delegaciones del Colegio de Escribanos de la Provincia de Buenos Aires.<br \/>Las comisiones se integrar\u00e1n con los participantes que deseen intervenir, independientemente del tema en el que se hubieran inscripto.<br \/>La direcci\u00f3n y conducci\u00f3n de las deliberaciones corresponde a la mesa de trabajo, la que estar\u00e1 formada por un presidente y un vicepresidente, que ser\u00e1n el coordinador y el subcoordinador generales del tema, y uno o m\u00e1s secretarios elegidos por la propia comisi\u00f3n.<br \/>En la primera sesi\u00f3n, el presidente invitar\u00e1 a los autores a exponer las conclusiones de sus trabajos sobre la base exclusiva de la lectura y comentario de la ponencia.<br \/>Al t\u00e9rmino de las exposiciones, la mesa de trabajo fijar\u00e1 el orden del tratamiento especial de cada uno de los subtemas incluidos en el temario.<br \/>A los efectos del tratamiento de los temas, la mesa de trabajo conceder\u00e1 la palabra al autor de la ponencia, el que, sint\u00e9ticamente, har\u00e1 su comentario y defensa con un plazo no mayor de diez minutos.<br \/>Luego de expuestas todas las ponencias, por secretar\u00eda se abrir\u00e1 la lista de oradores, la que una vez cerrada s\u00f3lo podr\u00e1 ser reabierta por decisi\u00f3n expresa de la comisi\u00f3n, tomada por mayor\u00eda simple de votos.<br \/>Cada intervenci\u00f3n ser\u00e1 por un plazo m\u00e1ximo de cinco minutos.<br \/>No ser\u00e1 permitida la lectura de discursos en ning\u00fan momento del debate, exceptu\u00e1ndose la relaci\u00f3n de las ponencias, de disposiciones legales, de fallos de jurisprudencia o cualquier otra nota, cuando la mesa de trabajo lo consintiera.<br \/>El presidente y el vicepresidente podr\u00e1n integrar la lista de oradores y\/o tomar parte en el debate, delegando sus funciones entre ellos. Los secretarios podr\u00e1n hacerlo con la previa aprobaci\u00f3n del presidente.<br \/>Finalizado el tratamiento de todos los temas, en el orden que se hubiere establecido, la mesa de trabajo designar\u00e1 una comisi\u00f3n redactora, a los efectos de la confecci\u00f3n del despacho, sobre la base de las ponencias presentadas.<br \/>El o los despachos producidos ser\u00e1n puestos a consideraci\u00f3n de la comisi\u00f3n. Ser\u00e1n tratados \u00fanicamente en forma particular, limit\u00e1ndose su discusi\u00f3n a la redacci\u00f3n y a los detalles de forma, sin discutir el prop\u00f3sito fundamental de las ponencias ya aprobadas en general.<br \/>Las ponencias presentadas en minor\u00eda deber\u00e1n tener el apoyo de 4 (cuatro) delegaciones como m\u00ednimo.<br \/>Tratados \u00edntegramente los despachos, se proceder\u00e1 a la elecci\u00f3n del relator o relatores, en su caso, con un m\u00e1ximo de dos.<br \/>La direcci\u00f3n y conducci\u00f3n de las deliberaciones corresponde a la presidencia. Esta har\u00e1 guardar el orden y conceder\u00e1 la palabra con preferencia a quien no hubiere hablado antes, y evitar\u00e1 en lo posible el di\u00e1logo y las discusiones que se aparten del tema.<br \/>La presidencia podr\u00e1 llamar al orden al orador, cuando personalice o incurra en alusiones improcedentes, o cuando, a su juicio, se aparte del asunto del debate.<\/p>\n<h3>ART\u00cdCULO NOVENO<\/h3>\n<h4>Trabajos, premios y menciones<\/h4>\n<p>A los efectos de la premiaci\u00f3n los trabajos se clasificar\u00e1n en:<br \/>a) Trabajos individuales: los presentados en forma individual por notarios de cualquier jurisdicci\u00f3n (nacionales o extranjeros), y otros profesionales cuya inscripci\u00f3n se hubiera admitido.<br \/>b) Trabajos en equipo: los presentados por notarios de cualquier jurisdicci\u00f3n (nacionales o extranjeros) y otros profesionales cuya inscripci\u00f3n se hubiera admitido, o en coautor\u00eda con profesionales colegiados o matriculados en profesiones afines con los temas a tratar. El n\u00famero m\u00e1ximo de integrantes de un equipo ser\u00e1 de cinco.<br \/>c) Nuevos autores: los notarios de cualquier jurisdicci\u00f3n (nacionales o extranjeros) y otros profesionales cuya inscripci\u00f3n se hubiera admitido, que no hubieran presentado anteriormente trabajos en otra Jornada Notarial Bonaerense, ni hubieran editado trabajos en publicaciones especializadas, en cualquier soporte (f\u00edsico o digital).<br \/>d) Trabajos de autores experimentados: los trabajos presentados por notarios integrantes de las asesor\u00edas notarial, registral y\/o tributaria del Colegio de Escribanos de la Provincia de Buenos Aires, de otros colegios notariales del pa\u00eds, o del Consejo Federal del Notariado Argentino, y los autores que hubiesen obtenido cuatro o m\u00e1s premios en jornadas notariales provinciales, nacionales o internacionales.<br \/>e) Categor\u00eda especial de trabajos gr\u00e1ficos: en esta categor\u00eda podr\u00e1n presentarse expresiones gr\u00e1ficas como afiches, infograf\u00edas o presentaciones, los cuales deber\u00e1n estar referidas a uno de los temas o subtemas de la jornada. Se establecer\u00e1 el formato de estos para su adecuada presentaci\u00f3n y visibilidad.<br \/>El comit\u00e9 calificador otorgar\u00e1:<br \/>a) Un premio al trabajo destacado por su calidad acad\u00e9mica, cuyo nombre ser\u00e1 el de la delegaci\u00f3n sede de la jornada.<br \/>b) Un premio para cada una de las diferentes categor\u00edas en las que se clasifican los trabajos.<br \/>c) Podr\u00e1, adem\u00e1s, otorgar un acc\u00e9sit por tema, sin tener en cuenta las categor\u00edas instituidas en este mismo art\u00edculo.<br \/>d) La categor\u00eda especial de trabajos gr\u00e1ficos conformar\u00e1, a todos los efectos, una categor\u00eda independiente y, el jurado podr\u00e1 otorgar menciones a los trabajos m\u00e1s meritorios a su juicio, por su calidad acad\u00e9mica y su contribuci\u00f3n al conocimiento.<br \/>Cualquiera de los premios mencionados podr\u00e1 ser declarado desierto a criterio del comit\u00e9 calificador.<br \/>No se otorgar\u00e1 premio a los trabajos cuyas ponencias no hayan sido expuestas durante el desarrollo de la jornada por alguno de sus autores.<\/p>\n<h3>ART\u00cdCULO D\u00c9CIMO<\/h3>\n<h4>Normas generales de procedimiento<\/h4>\n<p>Toda proposici\u00f3n es una moci\u00f3n, siempre y cuando est\u00e9 hecha por un delegado o por un participante y apoyada por cuatro delegados durante el trabajo de la comisi\u00f3n. Las mociones ser\u00e1n: de orden, de preferencia o de reconsideraci\u00f3n.<br \/>Son mociones de orden todas las proposiciones que tengan los siguientes objetos:<br \/>a) Se levante la reuni\u00f3n y se pase a cuarto intermedio.<br \/>b) Se declare libre el debate.<br \/>c) Se cierre el debate.<br \/>d) Se rectifique la votaci\u00f3n o que esta sea nominal.<br \/>e) Se aplace la consideraci\u00f3n de la ponencia.<br \/>f) Se concrete el orador al tema.<br \/>Las mociones de orden ser\u00e1n previas a todo otro asunto y puestas a votaci\u00f3n sin discutirse. Necesitar\u00e1n para su aprobaci\u00f3n el voto de la mayor\u00eda de los delegados presentes, con excepci\u00f3n de la determinada en el inc. b, la cual requerir\u00e1 el voto de dos tercios de los delegados presentes.<br \/>Es moci\u00f3n de preferencia toda proposici\u00f3n que tenga por objeto anticipar la consideraci\u00f3n de un asunto. Requiere el voto favorable de dos tercios de los delegados presentes.<br \/>Es moci\u00f3n de reconsideraci\u00f3n toda proposici\u00f3n que tenga por objeto rever una resoluci\u00f3n de la comisi\u00f3n, solicitando sea tratada nuevamente. Para su aprobaci\u00f3n se requiere el voto favorable de dos tercios de los delegados presentes.<br \/>Los modos de votar ser\u00e1n:<br \/>a) Nominal: se dar\u00e1 a viva voz, invitados a ello por secretar\u00eda.<br \/>b) Por signos: consistir\u00e1 en levantar la mano para expresar su opini\u00f3n.<br \/>Las votaciones nominales ser\u00e1n obligatorias en las comisiones, cuando una quinta parte de los delegados presentes con derecho a voto lo soliciten.<br \/>Todas las votaciones deber\u00e1n hacerse por la afirmativa o por la negativa.<br \/>En caso de empate, decidir\u00e1 la m\u00e1xima autoridad.<br \/>Al finalizar el trabajo de cada comisi\u00f3n se labrar\u00e1 un acta con la firma de sus autoridades.<\/p>\n<p><em>Aprobado por el Consejo Directivo en su sesi\u00f3n del 28 de noviembre de 2025.<\/em><\/p>\t\t\t\t\t\t\t\t<\/div>\n\t\t\t\t<\/div>\n\t\t\t\t<div class=\"elementor-element elementor-element-594c81c elementor-align-left elementor-tablet-align-center elementor-widget elementor-widget-button\" data-id=\"594c81c\" data-element_type=\"widget\" data-e-type=\"widget\" data-widget_type=\"button.default\">\n\t\t\t\t<div class=\"elementor-widget-container\">\n\t\t\t\t\t\t\t\t\t<div class=\"elementor-button-wrapper\">\n\t\t\t\t\t<a class=\"elementor-button elementor-button-link elementor-size-md\" href=\"https:\/\/www.jnb.org.ar\/jornada\/wp-content\/uploads\/2026\/01\/JNB_reglamento_2025_APROBADO_CD.pdf\" target=\"_blank\">\n\t\t\t\t\t\t<span class=\"elementor-button-content-wrapper\">\n\t\t\t\t\t\t\t\t\t<span class=\"elementor-button-text\">Descargar el reglamento<\/span>\n\t\t\t\t\t<\/span>\n\t\t\t\t\t<\/a>\n\t\t\t\t<\/div>\n\t\t\t\t\t\t\t\t<\/div>\n\t\t\t\t<\/div>\n\t\t\t\t\t<\/div>\n\t\t<\/div>\n\t\t\t\t<div class=\"elementor-column elementor-col-33 elementor-top-column elementor-element elementor-element-0175d71 elementor-hidden-mobile\" data-id=\"0175d71\" data-element_type=\"column\" data-e-type=\"column\">\n\t\t\t<div class=\"elementor-widget-wrap\">\n\t\t\t\t\t\t\t<\/div>\n\t\t<\/div>\n\t\t\t\t\t<\/div>\n\t\t<\/section>\n\t\t\t\t<\/div>\n\t\t","protected":false},"excerpt":{"rendered":"<p>Reglamento ART\u00cdCULO PRIMERO Objeto Las jornadas notariales bonaerenses ser\u00e1n organizadas una vez cada dos a\u00f1os como m\u00ednimo por el Colegio de Escribanos de la Provincia de Buenos Aires, con el objeto de reforzar la capacitaci\u00f3n permanente del notariado y afianzar los v\u00ednculos personales ente los notarios. Ser\u00e1n enumeradas correlativamente a partir de la primera celebrada [&hellip;]<\/p>\n","protected":false},"author":6,"featured_media":38045,"parent":38038,"menu_order":0,"comment_status":"closed","ping_status":"closed","template":"","meta":{"footnotes":""},"class_list":["post-38138","page","type-page","status-publish","has-post-thumbnail","hentry"],"acf":[],"_links":{"self":[{"href":"https:\/\/www.jnb.org.ar\/jornada\/wp-json\/wp\/v2\/pages\/38138","targetHints":{"allow":["GET"]}}],"collection":[{"href":"https:\/\/www.jnb.org.ar\/jornada\/wp-json\/wp\/v2\/pages"}],"about":[{"href":"https:\/\/www.jnb.org.ar\/jornada\/wp-json\/wp\/v2\/types\/page"}],"author":[{"embeddable":true,"href":"https:\/\/www.jnb.org.ar\/jornada\/wp-json\/wp\/v2\/users\/6"}],"replies":[{"embeddable":true,"href":"https:\/\/www.jnb.org.ar\/jornada\/wp-json\/wp\/v2\/comments?post=38138"}],"version-history":[{"count":43,"href":"https:\/\/www.jnb.org.ar\/jornada\/wp-json\/wp\/v2\/pages\/38138\/revisions"}],"predecessor-version":[{"id":39299,"href":"https:\/\/www.jnb.org.ar\/jornada\/wp-json\/wp\/v2\/pages\/38138\/revisions\/39299"}],"up":[{"embeddable":true,"href":"https:\/\/www.jnb.org.ar\/jornada\/wp-json\/wp\/v2\/pages\/38038"}],"wp:featuredmedia":[{"embeddable":true,"href":"https:\/\/www.jnb.org.ar\/jornada\/wp-json\/wp\/v2\/media\/38045"}],"wp:attachment":[{"href":"https:\/\/www.jnb.org.ar\/jornada\/wp-json\/wp\/v2\/media?parent=38138"}],"curies":[{"name":"wp","href":"https:\/\/api.w.org\/{rel}","templated":true}]}}