{"id":39375,"date":"2026-02-18T13:00:19","date_gmt":"2026-02-18T16:00:19","guid":{"rendered":"https:\/\/www.jnb.org.ar\/jornada\/?page_id=39375"},"modified":"2026-02-18T13:01:23","modified_gmt":"2026-02-18T16:01:23","slug":"trabajos","status":"publish","type":"page","link":"https:\/\/www.jnb.org.ar\/jornada\/44jnb\/trabajos","title":{"rendered":"Trabajos"},"content":{"rendered":"\t\t<div data-elementor-type=\"wp-page\" data-elementor-id=\"39375\" class=\"elementor elementor-39375\" data-elementor-post-type=\"page\">\n\t\t\t\t\t\t<section class=\"elementor-section elementor-top-section elementor-element elementor-element-b24b7bb elementor-section-full_width elementor-section-height-default elementor-section-height-default\" data-id=\"b24b7bb\" data-element_type=\"section\" data-e-type=\"section\" data-settings=\"{&quot;background_background&quot;:&quot;classic&quot;,&quot;sticky&quot;:&quot;top&quot;,&quot;sticky_on&quot;:[&quot;desktop&quot;,&quot;tablet&quot;],&quot;sticky_offset&quot;:0,&quot;sticky_effects_offset&quot;:0,&quot;sticky_anchor_link_offset&quot;:0}\">\n\t\t\t\t\t\t<div class=\"elementor-container elementor-column-gap-default\">\n\t\t\t\t\t<div class=\"elementor-column elementor-col-100 elementor-top-column elementor-element elementor-element-9a2657c\" data-id=\"9a2657c\" data-element_type=\"column\" data-e-type=\"column\">\n\t\t\t<div class=\"elementor-widget-wrap elementor-element-populated\">\n\t\t\t\t\t\t<div class=\"elementor-element elementor-element-6e41f71 elementor-widget elementor-widget-progress-tracker\" data-id=\"6e41f71\" data-element_type=\"widget\" data-e-type=\"widget\" data-settings=\"{&quot;direction&quot;:&quot;ltr&quot;,&quot;type&quot;:&quot;horizontal&quot;,&quot;relative_to&quot;:&quot;entire_page&quot;}\" data-widget_type=\"progress-tracker.default\">\n\t\t\t\t<div class=\"elementor-widget-container\">\n\t\t\t\t\t\n\t\t<div class=\"elementor-scrolling-tracker elementor-scrolling-tracker-horizontal elementor-scrolling-tracker-alignment-\">\n\t\t\t\t\t\t<div class=\"current-progress\">\n\t\t\t\t\t<div class=\"current-progress-percentage\"><\/div>\n\t\t\t\t<\/div>\n\t\t\t\t<\/div>\n\t\t\t\t\t\t<\/div>\n\t\t\t\t<\/div>\n\t\t\t\t\t<\/div>\n\t\t<\/div>\n\t\t\t\t\t<\/div>\n\t\t<\/section>\n\t\t\t\t<section class=\"elementor-section elementor-top-section elementor-element elementor-element-56a37c9 elementor-section-full_width elementor-section-height-default elementor-section-height-default\" data-id=\"56a37c9\" data-element_type=\"section\" data-e-type=\"section\" data-settings=\"{&quot;background_background&quot;:&quot;classic&quot;}\">\n\t\t\t\t\t\t\t<div class=\"elementor-background-overlay\"><\/div>\n\t\t\t\t\t\t\t<div class=\"elementor-container elementor-column-gap-default\">\n\t\t\t\t\t<div class=\"elementor-column elementor-col-100 elementor-top-column elementor-element elementor-element-53c949e\" data-id=\"53c949e\" data-element_type=\"column\" data-e-type=\"column\">\n\t\t\t<div class=\"elementor-widget-wrap elementor-element-populated\">\n\t\t\t\t\t\t<div class=\"elementor-element elementor-element-2413ee4 elementor-widget elementor-widget-heading\" data-id=\"2413ee4\" data-element_type=\"widget\" data-e-type=\"widget\" data-widget_type=\"heading.default\">\n\t\t\t\t<div class=\"elementor-widget-container\">\n\t\t\t\t\t<h1 class=\"elementor-heading-title elementor-size-default\">Presentaci\u00f3n de trabajos<\/h1>\t\t\t\t<\/div>\n\t\t\t\t<\/div>\n\t\t\t\t\t<\/div>\n\t\t<\/div>\n\t\t\t\t\t<\/div>\n\t\t<\/section>\n\t\t\t\t<section class=\"elementor-section elementor-top-section elementor-element elementor-element-5ef36cc elementor-section-boxed elementor-section-height-default elementor-section-height-default elementor-invisible\" data-id=\"5ef36cc\" data-element_type=\"section\" data-e-type=\"section\" data-settings=\"{&quot;animation&quot;:&quot;fadeIn&quot;}\">\n\t\t\t\t\t\t\t<div class=\"elementor-background-overlay\"><\/div>\n\t\t\t\t\t\t\t<div class=\"elementor-container elementor-column-gap-default\">\n\t\t\t\t\t<div class=\"elementor-column elementor-col-33 elementor-top-column elementor-element elementor-element-4b78841\" data-id=\"4b78841\" data-element_type=\"column\" data-e-type=\"column\">\n\t\t\t<div class=\"elementor-widget-wrap\">\n\t\t\t\t\t\t\t<\/div>\n\t\t<\/div>\n\t\t\t\t<div class=\"elementor-column elementor-col-33 elementor-top-column elementor-element elementor-element-37fd4e9\" data-id=\"37fd4e9\" data-element_type=\"column\" data-e-type=\"column\">\n\t\t\t<div class=\"elementor-widget-wrap elementor-element-populated\">\n\t\t\t\t\t\t<div class=\"elementor-element elementor-element-2b37bc8 elementor-widget elementor-widget-text-editor\" data-id=\"2b37bc8\" data-element_type=\"widget\" data-e-type=\"widget\" data-widget_type=\"text-editor.default\">\n\t\t\t\t<div class=\"elementor-widget-container\">\n\t\t\t\t\t\t\t\t\t<h3 align=\"left\">NORMAS GENERALES<\/h3><p>a) Los trabajos escritos y las presentaciones gr\u00e1ficas se remitir\u00e1n exclusivamente por correo electr\u00f3nico a la direcci\u00f3n <span style=\"text-decoration: underline;\">jnb@colescba.org.ar<\/span>. El archivo deber\u00e1 estar debidamente identificado con el nombre del autor o autores.<\/p><p>b) Todos los trabajos deber\u00e1n estar precedidos por una car\u00e1tula, que contendr\u00e1 los siguientes datos: nombre de la Jornada, t\u00edtulo del trabajo, identificaci\u00f3n del tema en el cual se presenta con los datos de los coordinadores y subcoordinadores provinciales, nombre del o los autores y datos de contacto (correo electr\u00f3nico) y categor\u00eda en la que se presenta.<\/p><p>c) Ponencia: el trabajo deber\u00e1 concretarse en hasta cinco ponencias como m\u00e1ximo, que preceder\u00e1n a su desarrollo, y que no podr\u00e1n excederse de dos p\u00e1ginas (carillas) en su totalidad.<\/p><p>d) Los \u00edtems b) y c) no se computar\u00e1n a los efectos del c\u00f3mputo total de la presentaci\u00f3n.<\/p><p>e) Extensi\u00f3n m\u00e1xima del trabajo: 25 p\u00e1ginas (carillas). Este n\u00famero NO INCLUYE la car\u00e1tula, el \u00edndice, las ponencias, el sumario y la bibliograf\u00eda.<\/p><p>f) La presentaci\u00f3n del trabajo importa la autorizaci\u00f3n irrevocable a favor del Colegio de Escribanos de la Provincia de Buenos Aires para su publicaci\u00f3n, as\u00ed como la correspondiente renuncia a eventuales reclamos por derechos de autor.<\/p><p>g) Fecha l\u00edmite para la presentaci\u00f3n: LUNES 13 DE ABRIL DE 2026.<\/p><p>h) Los trabajos que no se presenten en las condiciones y plazo indicados, no ser\u00e1n reenviados al Comit\u00e9 Calificador para su consideraci\u00f3n a los efectos de los premios previstos. No obstante, se difundir\u00e1n en el sitio web dedicado a la Jornada. Su tratamiento durante el desarrollo de las deliberaciones quedar\u00e1 sujeto a la decisi\u00f3n de las autoridades de la Comisi\u00f3n correspondiente.<\/p><p><em>i) Categor\u00eda especial de trabajos gr\u00e1ficos<\/em><\/p><p>En esta nueva categor\u00eda podr\u00e1n presentarse expresiones gr\u00e1ficas como afiches, infograf\u00edas o presentaciones, que siempre deber\u00e1n estar referidas a uno de los temas o subtemas de la Jornada. Se deber\u00e1n remitir a la direcci\u00f3n electr\u00f3nica indicada en el punto a) precedente en formato PDF, cuidando la calidad de las im\u00e1genes para garantizar su adecuada visibilidad.<\/p><p>En caso de que debido a su tama\u00f1o el archivo a presentar no pueda adjuntarse al mensaje de correo, el autor deber\u00e1 remitir por correo electr\u00f3nico un link a un reservorio o drive, a fin de facilitar la descarga correspondiente, junto a una ficha t\u00e9cnica que contendr\u00e1 los siguientes datos: nombre de la Jornada, tema al que est\u00e1 dirigido el trabajo, nombre de los coordinadores y subcoordinadores provinciales y nombre\/s del o los autores. <strong>Asimismo, al igual que los trabajos escritos, la presentaci\u00f3n deber\u00e1 acompa\u00f1arse con hasta cinco ponencias como m\u00e1ximo, las que tendr\u00e1n las mismas condiciones descriptas en el punto c) precedente.<\/strong><\/p><p>Estos trabajos conformar\u00e1n, a todos los efectos, una categor\u00eda independiente, y el jurado podr\u00e1 otorgar menciones a los trabajos m\u00e1s meritorios a su juicio, por su calidad acad\u00e9mica y su contribuci\u00f3n al conocimiento.<\/p><h4>NORMAS ESPEC\u00cdFICAS PARA TRABAJOS EN PRESENTACI\u00d3N ESCRITA<\/h4><p>1) Tama\u00f1o de papel: A4.<\/p><p>2) Tipo y tama\u00f1o de fuente: Arial cuerpo 12.<\/p><p>3) Interlineado 1,5.<\/p><p>4) Espacio entre caracteres: normal.<\/p><p>5) M\u00e1rgenes: superior, inferior y derecho: 2 cm; izquierdo: 3 cm.<\/p><p>6) P\u00e1ginas numeradas al pie en margen derecho.<\/p>\t\t\t\t\t\t\t\t<\/div>\n\t\t\t\t<\/div>\n\t\t\t\t<div class=\"elementor-element elementor-element-924b877 elementor-align-left elementor-tablet-align-center elementor-widget elementor-widget-button\" data-id=\"924b877\" data-element_type=\"widget\" data-e-type=\"widget\" data-widget_type=\"button.default\">\n\t\t\t\t<div class=\"elementor-widget-container\">\n\t\t\t\t\t\t\t\t\t<div class=\"elementor-button-wrapper\">\n\t\t\t\t\t<a class=\"elementor-button elementor-button-link elementor-size-md\" href=\"https:\/\/www.jnb.org.ar\/jornada\/wp-content\/uploads\/2026\/02\/44JNB_Normas-presentacion-de-trabajos.pdf\" target=\"_blank\">\n\t\t\t\t\t\t<span class=\"elementor-button-content-wrapper\">\n\t\t\t\t\t\t\t\t\t<span class=\"elementor-button-text\">Descargar las normas<\/span>\n\t\t\t\t\t<\/span>\n\t\t\t\t\t<\/a>\n\t\t\t\t<\/div>\n\t\t\t\t\t\t\t\t<\/div>\n\t\t\t\t<\/div>\n\t\t\t\t\t<\/div>\n\t\t<\/div>\n\t\t\t\t<div class=\"elementor-column elementor-col-33 elementor-top-column elementor-element elementor-element-ecd5121\" data-id=\"ecd5121\" data-element_type=\"column\" data-e-type=\"column\">\n\t\t\t<div class=\"elementor-widget-wrap\">\n\t\t\t\t\t\t\t<\/div>\n\t\t<\/div>\n\t\t\t\t\t<\/div>\n\t\t<\/section>\n\t\t\t\t<\/div>\n\t\t","protected":false},"excerpt":{"rendered":"<p>Presentaci\u00f3n de trabajos NORMAS GENERALES a) Los trabajos escritos y las presentaciones gr\u00e1ficas se remitir\u00e1n exclusivamente por correo electr\u00f3nico a la direcci\u00f3n jnb@colescba.org.ar. El archivo deber\u00e1 estar debidamente identificado con el nombre del autor o autores. b) Todos los trabajos deber\u00e1n estar precedidos por una car\u00e1tula, que contendr\u00e1 los siguientes datos: nombre de la Jornada, [&hellip;]<\/p>\n","protected":false},"author":6,"featured_media":38045,"parent":38038,"menu_order":0,"comment_status":"closed","ping_status":"closed","template":"","meta":{"footnotes":""},"class_list":["post-39375","page","type-page","status-publish","has-post-thumbnail","hentry"],"acf":[],"_links":{"self":[{"href":"https:\/\/www.jnb.org.ar\/jornada\/wp-json\/wp\/v2\/pages\/39375","targetHints":{"allow":["GET"]}}],"collection":[{"href":"https:\/\/www.jnb.org.ar\/jornada\/wp-json\/wp\/v2\/pages"}],"about":[{"href":"https:\/\/www.jnb.org.ar\/jornada\/wp-json\/wp\/v2\/types\/page"}],"author":[{"embeddable":true,"href":"https:\/\/www.jnb.org.ar\/jornada\/wp-json\/wp\/v2\/users\/6"}],"replies":[{"embeddable":true,"href":"https:\/\/www.jnb.org.ar\/jornada\/wp-json\/wp\/v2\/comments?post=39375"}],"version-history":[{"count":16,"href":"https:\/\/www.jnb.org.ar\/jornada\/wp-json\/wp\/v2\/pages\/39375\/revisions"}],"predecessor-version":[{"id":39393,"href":"https:\/\/www.jnb.org.ar\/jornada\/wp-json\/wp\/v2\/pages\/39375\/revisions\/39393"}],"up":[{"embeddable":true,"href":"https:\/\/www.jnb.org.ar\/jornada\/wp-json\/wp\/v2\/pages\/38038"}],"wp:featuredmedia":[{"embeddable":true,"href":"https:\/\/www.jnb.org.ar\/jornada\/wp-json\/wp\/v2\/media\/38045"}],"wp:attachment":[{"href":"https:\/\/www.jnb.org.ar\/jornada\/wp-json\/wp\/v2\/media?parent=39375"}],"curies":[{"name":"wp","href":"https:\/\/api.w.org\/{rel}","templated":true}]}}